{"id":123,"date":"2021-08-19T09:45:22","date_gmt":"2021-08-19T09:45:22","guid":{"rendered":"https:\/\/pdedu.pl\/?page_id=123"},"modified":"2022-08-03T07:12:18","modified_gmt":"2022-08-03T07:12:18","slug":"pd-edu","status":"publish","type":"page","link":"https:\/\/pdedu.pl\/index.php\/pd-edu\/","title":{"rendered":"PD Edu"},"content":{"rendered":"\n<p><strong><span class=\"has-inline-color has-vivid-red-color\">PD Edu<\/span><\/strong>&nbsp;<strong>\u2013 Edukacja z Pozytywn\u0105 Dyscyplin\u0105<\/strong>&nbsp;\u2013 powsta\u0142o z my\u015bl\u0105 o wsparciu dzieci, rodzic\u00f3w i nauczycieli.<\/p>\n\n\n\n<p>To miejsce, gdzie znajdziecie bogat\u0105 ofert\u0119, kt\u00f3ra sw\u00f3j fundament opiera na Pozytywnej Dyscyplinie \u2013 metodzie wychowawczej,<br>kt\u00f3ra buduje pozytywne relacje z dzie\u0107mi. Relacje pe\u0142ne empatii, szacunku i mi\u0142o\u015bci.<\/p>\n\n\n\n<p>Oferta tworzona jest przy wsp\u00f3\u0142pracy psycholog\u00f3w, psychoterapeut\u00f3w i terapeut\u00f3w.<\/p>\n\n\n\n<p><strong><span class=\"has-inline-color has-black-color\"><strong><span class=\"has-inline-color has-vivid-red-color\">PD Edu<\/span> <strong>\u2013 Edukacja z Pozytywn\u0105 Dyscyplin\u0105<\/strong><\/strong><\/span><\/strong>, to nie tylko suche teorie,<br>to przede wszystkim emocje, relacje i wsp\u00f3lny, pozytywny kontakt.<\/p>\n\n\n\n<figure class=\"wp-block-gallery has-nested-images columns-default is-cropped wp-block-gallery-1 is-layout-flex wp-block-gallery-is-layout-flex\">\n<figure class=\"wp-block-image size-large\"><img loading=\"lazy\" decoding=\"async\" width=\"683\" height=\"1024\" data-id=\"325\" src=\"https:\/\/pdedu.pl\/wp-content\/uploads\/2022\/08\/image00004-683x1024.jpeg\" alt=\"\" class=\"wp-image-325\" srcset=\"https:\/\/pdedu.pl\/wp-content\/uploads\/2022\/08\/image00004-683x1024.jpeg 683w, https:\/\/pdedu.pl\/wp-content\/uploads\/2022\/08\/image00004-200x300.jpeg 200w, https:\/\/pdedu.pl\/wp-content\/uploads\/2022\/08\/image00004-768x1152.jpeg 768w, https:\/\/pdedu.pl\/wp-content\/uploads\/2022\/08\/image00004-1024x1536.jpeg 1024w, https:\/\/pdedu.pl\/wp-content\/uploads\/2022\/08\/image00004-1365x2048.jpeg 1365w, https:\/\/pdedu.pl\/wp-content\/uploads\/2022\/08\/image00004-570x855.jpeg 570w, https:\/\/pdedu.pl\/wp-content\/uploads\/2022\/08\/image00004-1320x1980.jpeg 1320w, https:\/\/pdedu.pl\/wp-content\/uploads\/2022\/08\/image00004-600x900.jpeg 600w, https:\/\/pdedu.pl\/wp-content\/uploads\/2022\/08\/image00004-scaled.jpeg 1707w\" sizes=\"auto, (max-width: 683px) 100vw, 683px\" \/><\/figure>\n\n\n\n<figure class=\"wp-block-image size-large\"><img loading=\"lazy\" decoding=\"async\" width=\"1024\" height=\"683\" data-id=\"327\" src=\"https:\/\/pdedu.pl\/wp-content\/uploads\/2022\/08\/image00006-1024x683.jpeg\" alt=\"\" class=\"wp-image-327\" srcset=\"https:\/\/pdedu.pl\/wp-content\/uploads\/2022\/08\/image00006-1024x683.jpeg 1024w, https:\/\/pdedu.pl\/wp-content\/uploads\/2022\/08\/image00006-300x200.jpeg 300w, https:\/\/pdedu.pl\/wp-content\/uploads\/2022\/08\/image00006-768x512.jpeg 768w, https:\/\/pdedu.pl\/wp-content\/uploads\/2022\/08\/image00006-1536x1024.jpeg 1536w, https:\/\/pdedu.pl\/wp-content\/uploads\/2022\/08\/image00006-2048x1365.jpeg 2048w, https:\/\/pdedu.pl\/wp-content\/uploads\/2022\/08\/image00006-570x380.jpeg 570w, https:\/\/pdedu.pl\/wp-content\/uploads\/2022\/08\/image00006-1320x880.jpeg 1320w, https:\/\/pdedu.pl\/wp-content\/uploads\/2022\/08\/image00006-600x400.jpeg 600w\" sizes=\"auto, (max-width: 1024px) 100vw, 1024px\" \/><\/figure>\n\n\n\n<figure class=\"wp-block-image size-large\"><img loading=\"lazy\" decoding=\"async\" width=\"1024\" height=\"683\" data-id=\"328\" src=\"https:\/\/pdedu.pl\/wp-content\/uploads\/2022\/08\/image00016-1024x683.jpeg\" alt=\"\" class=\"wp-image-328\" srcset=\"https:\/\/pdedu.pl\/wp-content\/uploads\/2022\/08\/image00016-1024x683.jpeg 1024w, https:\/\/pdedu.pl\/wp-content\/uploads\/2022\/08\/image00016-300x200.jpeg 300w, https:\/\/pdedu.pl\/wp-content\/uploads\/2022\/08\/image00016-768x512.jpeg 768w, https:\/\/pdedu.pl\/wp-content\/uploads\/2022\/08\/image00016-1536x1024.jpeg 1536w, https:\/\/pdedu.pl\/wp-content\/uploads\/2022\/08\/image00016-2048x1365.jpeg 2048w, https:\/\/pdedu.pl\/wp-content\/uploads\/2022\/08\/image00016-570x380.jpeg 570w, https:\/\/pdedu.pl\/wp-content\/uploads\/2022\/08\/image00016-1320x880.jpeg 1320w, https:\/\/pdedu.pl\/wp-content\/uploads\/2022\/08\/image00016-600x400.jpeg 600w\" sizes=\"auto, (max-width: 1024px) 100vw, 1024px\" \/><\/figure>\n\n\n\n<figure class=\"wp-block-image size-large\"><img loading=\"lazy\" decoding=\"async\" width=\"1024\" height=\"683\" data-id=\"329\" src=\"https:\/\/pdedu.pl\/wp-content\/uploads\/2022\/08\/image00018-1024x683.jpeg\" alt=\"\" class=\"wp-image-329\" srcset=\"https:\/\/pdedu.pl\/wp-content\/uploads\/2022\/08\/image00018-1024x683.jpeg 1024w, https:\/\/pdedu.pl\/wp-content\/uploads\/2022\/08\/image00018-300x200.jpeg 300w, https:\/\/pdedu.pl\/wp-content\/uploads\/2022\/08\/image00018-768x512.jpeg 768w, https:\/\/pdedu.pl\/wp-content\/uploads\/2022\/08\/image00018-1536x1024.jpeg 1536w, https:\/\/pdedu.pl\/wp-content\/uploads\/2022\/08\/image00018-2048x1365.jpeg 2048w, https:\/\/pdedu.pl\/wp-content\/uploads\/2022\/08\/image00018-570x380.jpeg 570w, https:\/\/pdedu.pl\/wp-content\/uploads\/2022\/08\/image00018-1320x880.jpeg 1320w, https:\/\/pdedu.pl\/wp-content\/uploads\/2022\/08\/image00018-600x400.jpeg 600w\" sizes=\"auto, (max-width: 1024px) 100vw, 1024px\" \/><\/figure>\n<\/figure>\n","protected":false},"excerpt":{"rendered":"<p>PD Edu&nbsp;\u2013 Edukacja z Pozytywn\u0105 Dyscyplin\u0105&nbsp;\u2013 powsta\u0142o z my\u015bl\u0105 o wsparciu dzieci, rodzic\u00f3w i nauczycieli. To miejsce, gdzie znajdziecie bogat\u0105 ofert\u0119, kt\u00f3ra sw\u00f3j fundament opiera na Pozytywnej Dyscyplinie \u2013 metodzie wychowawczej,kt\u00f3ra buduje pozytywne relacje z dzie\u0107mi. Relacje pe\u0142ne empatii, szacunku i mi\u0142o\u015bci. Oferta tworzona jest przy wsp\u00f3\u0142pracy psycholog\u00f3w, psychoterapeut\u00f3w i terapeut\u00f3w. PD Edu \u2013 Edukacja [&hellip;]<\/p>\n","protected":false},"author":1,"featured_media":0,"parent":0,"menu_order":0,"comment_status":"closed","ping_status":"closed","template":"","meta":{"ngg_post_thumbnail":0,"footnotes":""},"class_list":["post-123","page","type-page","status-publish","czr-hentry"],"_links":{"self":[{"href":"https:\/\/pdedu.pl\/index.php\/wp-json\/wp\/v2\/pages\/123","targetHints":{"allow":["GET"]}}],"collection":[{"href":"https:\/\/pdedu.pl\/index.php\/wp-json\/wp\/v2\/pages"}],"about":[{"href":"https:\/\/pdedu.pl\/index.php\/wp-json\/wp\/v2\/types\/page"}],"author":[{"embeddable":true,"href":"https:\/\/pdedu.pl\/index.php\/wp-json\/wp\/v2\/users\/1"}],"replies":[{"embeddable":true,"href":"https:\/\/pdedu.pl\/index.php\/wp-json\/wp\/v2\/comments?post=123"}],"version-history":[{"count":7,"href":"https:\/\/pdedu.pl\/index.php\/wp-json\/wp\/v2\/pages\/123\/revisions"}],"predecessor-version":[{"id":330,"href":"https:\/\/pdedu.pl\/index.php\/wp-json\/wp\/v2\/pages\/123\/revisions\/330"}],"wp:attachment":[{"href":"https:\/\/pdedu.pl\/index.php\/wp-json\/wp\/v2\/media?parent=123"}],"curies":[{"name":"wp","href":"https:\/\/api.w.org\/{rel}","templated":true}]}}