{"id":125,"date":"2021-08-19T09:45:41","date_gmt":"2021-08-19T09:45:41","guid":{"rendered":"https:\/\/pdedu.pl\/?page_id=125"},"modified":"2024-11-03T13:08:11","modified_gmt":"2024-11-03T13:08:11","slug":"oferta","status":"publish","type":"page","link":"https:\/\/pdedu.pl\/index.php\/oferta\/","title":{"rendered":"Oferta"},"content":{"rendered":"\n<figure class=\"wp-block-image size-large is-resized\"><img loading=\"lazy\" decoding=\"async\" width=\"1024\" height=\"724\" src=\"https:\/\/pdedu.pl\/wp-content\/uploads\/2024\/10\/Yellow-Sunflower-weekly-habit-tracker-A3-planner-1024x724.png\" alt=\"\" class=\"wp-image-678\" style=\"aspect-ratio:2;width:992px;height:auto\" srcset=\"https:\/\/pdedu.pl\/wp-content\/uploads\/2024\/10\/Yellow-Sunflower-weekly-habit-tracker-A3-planner-1024x724.png 1024w, https:\/\/pdedu.pl\/wp-content\/uploads\/2024\/10\/Yellow-Sunflower-weekly-habit-tracker-A3-planner-300x212.png 300w, https:\/\/pdedu.pl\/wp-content\/uploads\/2024\/10\/Yellow-Sunflower-weekly-habit-tracker-A3-planner-768x543.png 768w, https:\/\/pdedu.pl\/wp-content\/uploads\/2024\/10\/Yellow-Sunflower-weekly-habit-tracker-A3-planner-1536x1086.png 1536w, https:\/\/pdedu.pl\/wp-content\/uploads\/2024\/10\/Yellow-Sunflower-weekly-habit-tracker-A3-planner-570x403.png 570w, https:\/\/pdedu.pl\/wp-content\/uploads\/2024\/10\/Yellow-Sunflower-weekly-habit-tracker-A3-planner-1320x933.png 1320w, https:\/\/pdedu.pl\/wp-content\/uploads\/2024\/10\/Yellow-Sunflower-weekly-habit-tracker-A3-planner-600x424.png 600w, https:\/\/pdedu.pl\/wp-content\/uploads\/2024\/10\/Yellow-Sunflower-weekly-habit-tracker-A3-planner.png 2000w\" sizes=\"auto, (max-width: 1024px) 100vw, 1024px\" \/><figcaption class=\"wp-element-caption\">oferta PD EDU Rzesz\u00f3w<\/figcaption><\/figure>\n\n\n\n<div class=\"wp-block-columns is-layout-flex wp-container-core-columns-is-layout-1 wp-block-columns-is-layout-flex\">\n<div class=\"wp-block-column is-layout-flow wp-block-column-is-layout-flow\"><\/div>\n<\/div>\n\n\n\n<h2 class=\"wp-block-heading\">TRENING UMIEJ\u0118TNO\u015aCI SPO\u0141ECZNYCH (TUS)<\/h2>\n\n\n\n<div class=\"wp-block-buttons is-layout-flex wp-block-buttons-is-layout-flex\">\n<div class=\"wp-block-button\"><a class=\"wp-block-button__link wp-element-button\" href=\"https:\/\/pdedu.pl\/index.php\/trening-umiejetnosci-spolecznych-tus\/\">CZYTAJ WI\u0118CEJ&#8230;<\/a><\/div>\n<\/div>\n\n\n\n<h2 class=\"wp-block-heading\">TERAPIA PEDAGOGICZNA<\/h2>\n\n\n\n<div class=\"wp-block-buttons is-layout-flex wp-block-buttons-is-layout-flex\">\n<div class=\"wp-block-button\"><a class=\"wp-block-button__link wp-element-button\" href=\"https:\/\/pdedu.pl\/index.php\/terapia-pedagogiczna\/\">CZYTAJ WI\u0118CEJ&#8230;<\/a><\/div>\n<\/div>\n\n\n\n<h2 class=\"wp-block-heading\">SOBOTNIE ZAJ\u0118CIA<\/h2>\n\n\n\n<div class=\"wp-block-buttons is-layout-flex wp-block-buttons-is-layout-flex\">\n<div class=\"wp-block-button\"><a class=\"wp-block-button__link wp-element-button\" href=\"https:\/\/pdedu.pl\/index.php\/zajecia-sobotnie\/\">CZYTAJ WI\u0118CEJ&#8230;<\/a><\/div>\n<\/div>\n\n\n\n<p>Poni\u017cej znajduje si\u0119 formularz zg\u0142oszeniowy na wybrane zaj\u0119cia<\/p>\n\n\n<div class=\"wpforms-container wpforms-container-full wpforms-block wpforms-block-6170c314-39be-45e5-8eb7-3550202e683a wpforms-render-modern\" id=\"wpforms-765\"><form id=\"wpforms-form-765\" class=\"wpforms-validate wpforms-form\" data-formid=\"765\" method=\"post\" enctype=\"multipart\/form-data\" action=\"\/index.php\/wp-json\/wp\/v2\/pages\/125\" data-token=\"9570f65ebbfbdc8859ca8498668ca73c\" data-token-time=\"1776613994\"><noscript class=\"wpforms-error-noscript\">Aby wype\u0142ni\u0107 ten formularz, w\u0142\u0105cz obs\u0142ug\u0119 JavaScript w przegl\u0105darce.<\/noscript><div id=\"wpforms-error-noscript\" style=\"display: none;\">Aby wype\u0142ni\u0107 ten formularz, w\u0142\u0105cz obs\u0142ug\u0119 JavaScript w przegl\u0105darce.<\/div><div class=\"wpforms-field-container\"><div id=\"wpforms-765-field_1-container\" class=\"wpforms-field wpforms-field-name\" data-field-id=\"1\"><fieldset><legend class=\"wpforms-field-label\">Imi\u0119 i nazwisko <span class=\"wpforms-required-label\" aria-hidden=\"true\">*<\/span><\/legend><div class=\"wpforms-field-row wpforms-field-medium\"><div class=\"wpforms-field-row-block wpforms-first wpforms-one-half\"><input type=\"text\" id=\"wpforms-765-field_1\" class=\"wpforms-field-name-first wpforms-field-required\" name=\"wpforms[fields][1][first]\" aria-errormessage=\"wpforms-765-field_1-error\" required><label for=\"wpforms-765-field_1\" class=\"wpforms-field-sublabel after\">Pierwszy<\/label><\/div><div class=\"wpforms-field-row-block wpforms-one-half\"><input type=\"text\" id=\"wpforms-765-field_1-last\" class=\"wpforms-field-name-last wpforms-field-required\" name=\"wpforms[fields][1][last]\" aria-errormessage=\"wpforms-765-field_1-last-error\" required><label for=\"wpforms-765-field_1-last\" class=\"wpforms-field-sublabel after\">Ostatni<\/label><\/div><\/div><\/fieldset><\/div>\t\t<div id=\"wpforms-765-field_3-container\"\n\t\t\tclass=\"wpforms-field wpforms-field-text\"\n\t\t\tdata-field-type=\"text\"\n\t\t\tdata-field-id=\"3\"\n\t\t\t>\n\t\t\t<label class=\"wpforms-field-label\" for=\"wpforms-765-field_3\" >e-mail Wiek dziecka:<\/label>\n\t\t\t<input type=\"text\" id=\"wpforms-765-field_3\" class=\"wpforms-field-medium\" name=\"wpforms[fields][3]\" >\n\t\t<\/div>\n\t\t<div id=\"wpforms-765-field_2-container\" class=\"wpforms-field wpforms-field-email\" data-field-id=\"2\"><label class=\"wpforms-field-label\" for=\"wpforms-765-field_2\">Adres e-mail <span class=\"wpforms-required-label\" aria-hidden=\"true\">*<\/span><\/label><input type=\"email\" id=\"wpforms-765-field_2\" class=\"wpforms-field-medium wpforms-field-required\" name=\"wpforms[fields][2]\" spellcheck=\"false\" aria-errormessage=\"wpforms-765-field_2-error\" required><\/div><div id=\"wpforms-765-field_4-container\" class=\"wpforms-field wpforms-field-radio\" data-field-id=\"4\"><fieldset><legend class=\"wpforms-field-label\">Wybierz zaj\u0119cia:<\/legend><ul id=\"wpforms-765-field_4\"><li class=\"choice-1 depth-1\"><input type=\"radio\" id=\"wpforms-765-field_4_1\" name=\"wpforms[fields][4]\" value=\"Trening umiej\u0119tno\u015bci spo\u0142ecznych(TUS)\" aria-errormessage=\"wpforms-765-field_4_1-error\"  ><label class=\"wpforms-field-label-inline\" for=\"wpforms-765-field_4_1\">Trening umiej\u0119tno\u015bci spo\u0142ecznych(TUS)<\/label><\/li><li class=\"choice-2 depth-1\"><input type=\"radio\" id=\"wpforms-765-field_4_2\" name=\"wpforms[fields][4]\" value=\"Terapia pedagogiczna\" aria-errormessage=\"wpforms-765-field_4_2-error\"  ><label class=\"wpforms-field-label-inline\" for=\"wpforms-765-field_4_2\">Terapia pedagogiczna<\/label><\/li><li class=\"choice-3 depth-1\"><input type=\"radio\" id=\"wpforms-765-field_4_3\" name=\"wpforms[fields][4]\" value=\"Terapia logopedyczna\" aria-errormessage=\"wpforms-765-field_4_3-error\"  ><label class=\"wpforms-field-label-inline\" for=\"wpforms-765-field_4_3\">Terapia logopedyczna<\/label><\/li><\/ul><\/fieldset><\/div><div id=\"wpforms-765-field_5-container\" class=\"wpforms-field wpforms-field-number\" data-field-id=\"5\"><label class=\"wpforms-field-label\" for=\"wpforms-765-field_5\">Wiek dziecka:<\/label><input type=\"number\" id=\"wpforms-765-field_5\" class=\"wpforms-field-medium\" name=\"wpforms[fields][5]\" step=\"any\" aria-errormessage=\"wpforms-765-field_5-error\" ><\/div><script>\n\t\t\t\t( function() {\n\t\t\t\t\tconst style = document.createElement( 'style' );\n\t\t\t\t\tstyle.appendChild( document.createTextNode( '#wpforms-765-field_3-container { position: absolute !important; overflow: hidden !important; display: inline !important; height: 1px !important; width: 1px !important; z-index: -1000 !important; padding: 0 !important; } #wpforms-765-field_3-container input { visibility: hidden; } #wpforms-conversational-form-page #wpforms-765-field_3-container label { counter-increment: none; }' ) );\n\t\t\t\t\tdocument.head.appendChild( style );\n\t\t\t\t\tdocument.currentScript?.remove();\n\t\t\t\t} )();\n\t\t\t<\/script><\/div><!-- .wpforms-field-container --><div class=\"wpforms-submit-container\" ><input type=\"hidden\" name=\"wpforms[id]\" value=\"765\"><input type=\"hidden\" name=\"page_title\" value=\"\"><input type=\"hidden\" name=\"page_url\" value=\"https:\/\/pdedu.pl\/index.php\/wp-json\/wp\/v2\/pages\/125\"><input type=\"hidden\" name=\"url_referer\" value=\"\"><button type=\"submit\" name=\"wpforms[submit]\" id=\"wpforms-submit-765\" class=\"wpforms-submit\" data-alt-text=\"Wysy\u0142anie...\" data-submit-text=\"Prze\u015blij\" aria-live=\"assertive\" value=\"wpforms-submit\">Prze\u015blij<\/button><\/div><\/form><\/div>  <!-- .wpforms-container -->","protected":false},"excerpt":{"rendered":"<p>TRENING UMIEJ\u0118TNO\u015aCI SPO\u0141ECZNYCH (TUS) TERAPIA PEDAGOGICZNA SOBOTNIE ZAJ\u0118CIA Poni\u017cej znajduje si\u0119 formularz zg\u0142oszeniowy na wybrane zaj\u0119cia<\/p>\n","protected":false},"author":1,"featured_media":240,"parent":0,"menu_order":0,"comment_status":"closed","ping_status":"closed","template":"","meta":{"ngg_post_thumbnail":0,"footnotes":""},"class_list":["post-125","page","type-page","status-publish","has-post-thumbnail","czr-hentry"],"_links":{"self":[{"href":"https:\/\/pdedu.pl\/index.php\/wp-json\/wp\/v2\/pages\/125","targetHints":{"allow":["GET"]}}],"collection":[{"href":"https:\/\/pdedu.pl\/index.php\/wp-json\/wp\/v2\/pages"}],"about":[{"href":"https:\/\/pdedu.pl\/index.php\/wp-json\/wp\/v2\/types\/page"}],"author":[{"embeddable":true,"href":"https:\/\/pdedu.pl\/index.php\/wp-json\/wp\/v2\/users\/1"}],"replies":[{"embeddable":true,"href":"https:\/\/pdedu.pl\/index.php\/wp-json\/wp\/v2\/comments?post=125"}],"version-history":[{"count":35,"href":"https:\/\/pdedu.pl\/index.php\/wp-json\/wp\/v2\/pages\/125\/revisions"}],"predecessor-version":[{"id":775,"href":"https:\/\/pdedu.pl\/index.php\/wp-json\/wp\/v2\/pages\/125\/revisions\/775"}],"wp:featuredmedia":[{"embeddable":true,"href":"https:\/\/pdedu.pl\/index.php\/wp-json\/wp\/v2\/media\/240"}],"wp:attachment":[{"href":"https:\/\/pdedu.pl\/index.php\/wp-json\/wp\/v2\/media?parent=125"}],"curies":[{"name":"wp","href":"https:\/\/api.w.org\/{rel}","templated":true}]}}