{"id":2,"date":"2021-08-11T11:27:45","date_gmt":"2021-08-11T11:27:45","guid":{"rendered":"https:\/\/pdedu.pl\/?page_id=2"},"modified":"2026-04-15T11:40:39","modified_gmt":"2026-04-15T11:40:39","slug":"sample-page","status":"publish","type":"page","link":"https:\/\/pdedu.pl\/","title":{"rendered":"Sample Page"},"content":{"rendered":"\n<div class=\"wp-block-media-text alignwide has-media-on-the-right is-stacked-on-mobile\" style=\"grid-template-columns:auto 44%\"><div class=\"wp-block-media-text__content\">\n<p style=\"font-size:18px\"><strong><em><span style=\"text-decoration: underline;\">BARBARA   ANTONI\u00d3W<\/span><\/em><\/strong><\/p>\n\n\n\n<p class=\"has-medium-font-size\"><strong><em>Certyfikowany Trener Biznesu<\/em><\/strong><\/p>\n\n\n\n<p style=\"font-size:19px\"><em><strong>Certyfikowany Edukator Pozytywnej Dyscypliny w Polsce, <\/strong><\/em><\/p>\n\n\n\n<p style=\"font-size:18px\"><em><strong>Trener umiej\u0119tno\u015bci poznawczych i funkcji wykonawczych<\/strong><\/em><\/p>\n\n\n\n<p style=\"font-size:18px\"><em><strong>z wykszta\u0142cenia pedagog<\/strong><\/em>, <strong><em>czynny nauczyciel<\/em><\/strong><\/p>\n\n\n\n<p style=\"font-size:20px\"><em>W swojej pracy \u0142\u0105cz\u0119 do\u015bwiadczenie z obszaru edukacji i rozwoju kompetencji z podej\u015bciem biznesowym, wspieraj\u0105c zar\u00f3wno \u015brodowisko o\u015bwiatowe, jak i organizacje w budowaniu skutecznych zespo\u0142\u00f3w i nowoczesnego przyw\u00f3dztwa<\/em>.&nbsp;<em>W pracy szkoleniowej wykorzystuj\u0119 wiedz\u0119 z zakresu neurodydaktyki i neurobiologii, co pozwala mi tworzy\u0107 anga\u017cuj\u0105ce i efektywne procesy rozwojowe.<\/em><\/p>\n\n\n\n<p style=\"font-size:20px\"><em>Prowadz\u0119 szkolenia, warsztaty oraz programy rozwojowe dla rad pedagogicznych, kadry zarz\u0105dzaj\u0105cej oraz zespo\u0142\u00f3w w organizacjach, koncentruj\u0105c si\u0119 na praktycznych rozwi\u0105zaniach, komunikacji, budowaniu relacji i efektywnym funkcjonowaniu w zmieniaj\u0105cym si\u0119 \u015brodowisku.<\/em><\/p>\n\n\n\n<p style=\"font-size:20px\"><em>Jestem autork\u0105 artyku\u0142\u00f3w naukowych po\u015bwi\u0119conych tematyce rozwoju, uczenia si\u0119 oraz funkcjonowania cz\u0142owieka w \u015brodowisku edukacyjnym i zawodowym.<\/em><\/p>\n\n\n\n<p style=\"font-size:20px\"><em>W swojej pracy stawiam na praktyczno\u015b\u0107, \u015bwiadome przyw\u00f3dztwo oraz rozwi\u0105zania, kt\u00f3re mo\u017cna realnie wdro\u017cy\u0107 \u2013 zar\u00f3wno w edukacji, jak i w biznesie.<\/em><\/p>\n<\/div><figure class=\"wp-block-media-text__media\"><img loading=\"lazy\" decoding=\"async\" width=\"800\" height=\"800\" src=\"https:\/\/pdedu.pl\/wp-content\/uploads\/2021\/08\/Barbara-Antoniow-PD-EDU-o-mnie.jpg\" alt=\"Barbara Antoni\u00f3w PD EDU\" class=\"wp-image-59 size-full\" srcset=\"https:\/\/pdedu.pl\/wp-content\/uploads\/2021\/08\/Barbara-Antoniow-PD-EDU-o-mnie.jpg 800w, https:\/\/pdedu.pl\/wp-content\/uploads\/2021\/08\/Barbara-Antoniow-PD-EDU-o-mnie-300x300.jpg 300w, https:\/\/pdedu.pl\/wp-content\/uploads\/2021\/08\/Barbara-Antoniow-PD-EDU-o-mnie-100x100.jpg 100w, https:\/\/pdedu.pl\/wp-content\/uploads\/2021\/08\/Barbara-Antoniow-PD-EDU-o-mnie-600x600.jpg 600w, https:\/\/pdedu.pl\/wp-content\/uploads\/2021\/08\/Barbara-Antoniow-PD-EDU-o-mnie-150x150.jpg 150w, https:\/\/pdedu.pl\/wp-content\/uploads\/2021\/08\/Barbara-Antoniow-PD-EDU-o-mnie-768x768.jpg 768w, https:\/\/pdedu.pl\/wp-content\/uploads\/2021\/08\/Barbara-Antoniow-PD-EDU-o-mnie-570x570.jpg 570w, https:\/\/pdedu.pl\/wp-content\/uploads\/2021\/08\/Barbara-Antoniow-PD-EDU-o-mnie-510x510.jpg 510w\" sizes=\"auto, (max-width: 800px) 100vw, 800px\" \/><\/figure><\/div>\n\n\n\n<p><\/p>\n\n\n\n<p class=\"has-large-font-size\"><strong><span class=\"has-inline-color has-vivid-red-color\">PD Edu<\/span><\/strong> <strong>&#8211; Edukacja z Pozytywn\u0105 Dyscyplin\u0105<\/strong><\/p>\n\n\n\n<p class=\"has-medium-font-size\" style=\"font-style:italic;font-weight:500\"><strong>Witaj w miejscu, kt\u00f3re powsta\u0142o z my\u015bl\u0105 o kompleksowym wsparciu i rozwoju! Nasze Centrum to przestrze\u0144, gdzie dzieci, m\u0142odzie\u017c, rodzice i nauczyciele znajd\u0105 specjalistyczn\u0105 pomoc, empati\u0119 i inspiracj\u0119 do pracy nad umiej\u0119tno\u015bciami \u017cyciowymi i spo\u0142ecznymi. Fundamentem naszej dzia\u0142alno\u015bci s\u0105 Pozytywna Dyscyplina oraz Neurodydaktyka \u2013 podej\u015bcie, kt\u00f3re wspiera rozw\u00f3j w spos\u00f3b przyjazny i zgodny z indywidualnymi potrzebami ka\u017cdego cz\u0142owieka.<\/strong><\/p>\n\n\n\n<p class=\"has-vivid-red-color has-text-color has-link-color has-large-font-size wp-elements-2c74085194582a8ef4c925e06c5b7528\"><strong>Znajdziesz u Nas<\/strong><\/p>\n","protected":false},"excerpt":{"rendered":"<p>BARBARA ANTONI\u00d3W Certyfikowany Trener Biznesu Certyfikowany Edukator Pozytywnej Dyscypliny w Polsce, Trener umiej\u0119tno\u015bci poznawczych i funkcji wykonawczych z wykszta\u0142cenia pedagog, czynny nauczyciel W swojej pracy \u0142\u0105cz\u0119 do\u015bwiadczenie z obszaru edukacji i rozwoju kompetencji z podej\u015bciem biznesowym, wspieraj\u0105c zar\u00f3wno \u015brodowisko o\u015bwiatowe, jak i organizacje w budowaniu skutecznych zespo\u0142\u00f3w i nowoczesnego przyw\u00f3dztwa.&nbsp;W pracy szkoleniowej wykorzystuj\u0119 wiedz\u0119 z [&hellip;]<\/p>\n","protected":false},"author":1,"featured_media":0,"parent":0,"menu_order":0,"comment_status":"closed","ping_status":"open","template":"","meta":{"ngg_post_thumbnail":0,"footnotes":""},"class_list":["post-2","page","type-page","status-publish","czr-hentry"],"_links":{"self":[{"href":"https:\/\/pdedu.pl\/index.php\/wp-json\/wp\/v2\/pages\/2","targetHints":{"allow":["GET"]}}],"collection":[{"href":"https:\/\/pdedu.pl\/index.php\/wp-json\/wp\/v2\/pages"}],"about":[{"href":"https:\/\/pdedu.pl\/index.php\/wp-json\/wp\/v2\/types\/page"}],"author":[{"embeddable":true,"href":"https:\/\/pdedu.pl\/index.php\/wp-json\/wp\/v2\/users\/1"}],"replies":[{"embeddable":true,"href":"https:\/\/pdedu.pl\/index.php\/wp-json\/wp\/v2\/comments?post=2"}],"version-history":[{"count":30,"href":"https:\/\/pdedu.pl\/index.php\/wp-json\/wp\/v2\/pages\/2\/revisions"}],"predecessor-version":[{"id":833,"href":"https:\/\/pdedu.pl\/index.php\/wp-json\/wp\/v2\/pages\/2\/revisions\/833"}],"wp:attachment":[{"href":"https:\/\/pdedu.pl\/index.php\/wp-json\/wp\/v2\/media?parent=2"}],"curies":[{"name":"wp","href":"https:\/\/api.w.org\/{rel}","templated":true}]}}