{"id":742,"date":"2024-11-02T20:05:19","date_gmt":"2024-11-02T20:05:19","guid":{"rendered":"https:\/\/pdedu.pl\/?page_id=742"},"modified":"2024-11-02T20:05:20","modified_gmt":"2024-11-02T20:05:20","slug":"trening-umiejetnosci-spolecznych-tus","status":"publish","type":"page","link":"https:\/\/pdedu.pl\/index.php\/trening-umiejetnosci-spolecznych-tus\/","title":{"rendered":"TRENING UMIEJ\u0118TNO\u015aCI SPO\u0141ECZNYCH (TUS)"},"content":{"rendered":"\n<figure class=\"wp-block-image size-large\"><img loading=\"lazy\" decoding=\"async\" width=\"1024\" height=\"576\" src=\"https:\/\/pdedu.pl\/wp-content\/uploads\/2024\/11\/TERAPIA-2-1-1024x576.png\" alt=\"\" class=\"wp-image-743\" srcset=\"https:\/\/pdedu.pl\/wp-content\/uploads\/2024\/11\/TERAPIA-2-1-1024x576.png 1024w, https:\/\/pdedu.pl\/wp-content\/uploads\/2024\/11\/TERAPIA-2-1-300x169.png 300w, https:\/\/pdedu.pl\/wp-content\/uploads\/2024\/11\/TERAPIA-2-1-768x432.png 768w, https:\/\/pdedu.pl\/wp-content\/uploads\/2024\/11\/TERAPIA-2-1-570x320.png 570w, https:\/\/pdedu.pl\/wp-content\/uploads\/2024\/11\/TERAPIA-2-1-1110x624.png 1110w, https:\/\/pdedu.pl\/wp-content\/uploads\/2024\/11\/TERAPIA-2-1-528x297.png 528w, https:\/\/pdedu.pl\/wp-content\/uploads\/2024\/11\/TERAPIA-2-1-1320x742.png 1320w, https:\/\/pdedu.pl\/wp-content\/uploads\/2024\/11\/TERAPIA-2-1-600x337.png 600w, https:\/\/pdedu.pl\/wp-content\/uploads\/2024\/11\/TERAPIA-2-1.png 1366w\" sizes=\"auto, (max-width: 1024px) 100vw, 1024px\" \/><\/figure>\n\n\n\n<figure class=\"wp-block-image size-large\"><img loading=\"lazy\" decoding=\"async\" width=\"1024\" height=\"536\" src=\"https:\/\/pdedu.pl\/wp-content\/uploads\/2024\/11\/zajecia-rozwijajace-kompetencje-spoleczne-dla-dzieci-9-1-1024x536.png\" alt=\"\" class=\"wp-image-744\" srcset=\"https:\/\/pdedu.pl\/wp-content\/uploads\/2024\/11\/zajecia-rozwijajace-kompetencje-spoleczne-dla-dzieci-9-1-1024x536.png 1024w, https:\/\/pdedu.pl\/wp-content\/uploads\/2024\/11\/zajecia-rozwijajace-kompetencje-spoleczne-dla-dzieci-9-1-300x157.png 300w, https:\/\/pdedu.pl\/wp-content\/uploads\/2024\/11\/zajecia-rozwijajace-kompetencje-spoleczne-dla-dzieci-9-1-768x402.png 768w, https:\/\/pdedu.pl\/wp-content\/uploads\/2024\/11\/zajecia-rozwijajace-kompetencje-spoleczne-dla-dzieci-9-1-570x298.png 570w, https:\/\/pdedu.pl\/wp-content\/uploads\/2024\/11\/zajecia-rozwijajace-kompetencje-spoleczne-dla-dzieci-9-1-600x314.png 600w, https:\/\/pdedu.pl\/wp-content\/uploads\/2024\/11\/zajecia-rozwijajace-kompetencje-spoleczne-dla-dzieci-9-1.png 1200w\" sizes=\"auto, (max-width: 1024px) 100vw, 1024px\" \/><\/figure>\n\n\n\n<figure class=\"wp-block-image size-large\"><img loading=\"lazy\" decoding=\"async\" width=\"1024\" height=\"536\" src=\"https:\/\/pdedu.pl\/wp-content\/uploads\/2024\/11\/zajecia-rozwijajace-kompetencje-spoleczne-dla-dzieci-10-1-1024x536.png\" alt=\"\" class=\"wp-image-745\" srcset=\"https:\/\/pdedu.pl\/wp-content\/uploads\/2024\/11\/zajecia-rozwijajace-kompetencje-spoleczne-dla-dzieci-10-1-1024x536.png 1024w, https:\/\/pdedu.pl\/wp-content\/uploads\/2024\/11\/zajecia-rozwijajace-kompetencje-spoleczne-dla-dzieci-10-1-300x157.png 300w, https:\/\/pdedu.pl\/wp-content\/uploads\/2024\/11\/zajecia-rozwijajace-kompetencje-spoleczne-dla-dzieci-10-1-768x402.png 768w, https:\/\/pdedu.pl\/wp-content\/uploads\/2024\/11\/zajecia-rozwijajace-kompetencje-spoleczne-dla-dzieci-10-1-570x298.png 570w, https:\/\/pdedu.pl\/wp-content\/uploads\/2024\/11\/zajecia-rozwijajace-kompetencje-spoleczne-dla-dzieci-10-1-600x314.png 600w, https:\/\/pdedu.pl\/wp-content\/uploads\/2024\/11\/zajecia-rozwijajace-kompetencje-spoleczne-dla-dzieci-10-1.png 1200w\" sizes=\"auto, (max-width: 1024px) 100vw, 1024px\" \/><\/figure>\n","protected":false},"excerpt":{"rendered":"","protected":false},"author":1,"featured_media":0,"parent":0,"menu_order":0,"comment_status":"closed","ping_status":"closed","template":"","meta":{"ngg_post_thumbnail":0,"footnotes":""},"class_list":["post-742","page","type-page","status-publish","czr-hentry"],"_links":{"self":[{"href":"https:\/\/pdedu.pl\/index.php\/wp-json\/wp\/v2\/pages\/742","targetHints":{"allow":["GET"]}}],"collection":[{"href":"https:\/\/pdedu.pl\/index.php\/wp-json\/wp\/v2\/pages"}],"about":[{"href":"https:\/\/pdedu.pl\/index.php\/wp-json\/wp\/v2\/types\/page"}],"author":[{"embeddable":true,"href":"https:\/\/pdedu.pl\/index.php\/wp-json\/wp\/v2\/users\/1"}],"replies":[{"embeddable":true,"href":"https:\/\/pdedu.pl\/index.php\/wp-json\/wp\/v2\/comments?post=742"}],"version-history":[{"count":1,"href":"https:\/\/pdedu.pl\/index.php\/wp-json\/wp\/v2\/pages\/742\/revisions"}],"predecessor-version":[{"id":746,"href":"https:\/\/pdedu.pl\/index.php\/wp-json\/wp\/v2\/pages\/742\/revisions\/746"}],"wp:attachment":[{"href":"https:\/\/pdedu.pl\/index.php\/wp-json\/wp\/v2\/media?parent=742"}],"curies":[{"name":"wp","href":"https:\/\/api.w.org\/{rel}","templated":true}]}}