{"id":459,"date":"2023-05-03T08:34:26","date_gmt":"2023-05-03T08:34:26","guid":{"rendered":"https:\/\/pdedu.pl\/?post_type=product&#038;p=459"},"modified":"2023-05-03T08:34:26","modified_gmt":"2023-05-03T08:34:26","slug":"model-mozgu-przywieszki","status":"publish","type":"product","link":"https:\/\/pdedu.pl\/index.php\/produkt\/model-mozgu-przywieszki\/","title":{"rendered":"Model m\u00f3zgu przywieszki"},"content":{"rendered":"<p>Plik zawieraj\u0105cy modele m\u00f3zgu do wyci\u0119cia. Dzieci wype\u0142niaj\u0105 m\u00f3zgi dowoln\u0105 technik\u0105 (malowanie, wyklejanie, itp.) Mo\u017cna doda\u0107 sznureczek i stworzy\u0107 przywieszk\u0119. Cel: utrwalenie budowy m\u00f3zgu, p\u0142at\u00f3w.<\/p>\n","protected":false},"excerpt":{"rendered":"<p>Plik zawieraj\u0105cy modele m\u00f3zgu do wyci\u0119cia. Dzieci wype\u0142niaj\u0105 m\u00f3zgi dowoln\u0105 technik\u0105 (malowanie, wyklejanie, itp.) Mo\u017cna doda\u0107 sznureczek i stworzy\u0107 przywieszk\u0119. Cel: utrwalenie budowy m\u00f3zgu, p\u0142at\u00f3w.<\/p>\n","protected":false},"featured_media":0,"comment_status":"open","ping_status":"closed","template":"","meta":{"ngg_post_thumbnail":0},"product_brand":[],"product_cat":[16],"product_tag":[],"class_list":{"0":"post-459","1":"product","2":"type-product","3":"status-publish","5":"product_cat-bez-kategorii","7":"first","8":"instock","9":"downloadable","10":"shipping-taxable","11":"purchasable","12":"product-type-simple","13":"czr-hentry"},"_links":{"self":[{"href":"https:\/\/pdedu.pl\/index.php\/wp-json\/wp\/v2\/product\/459","targetHints":{"allow":["GET"]}}],"collection":[{"href":"https:\/\/pdedu.pl\/index.php\/wp-json\/wp\/v2\/product"}],"about":[{"href":"https:\/\/pdedu.pl\/index.php\/wp-json\/wp\/v2\/types\/product"}],"replies":[{"embeddable":true,"href":"https:\/\/pdedu.pl\/index.php\/wp-json\/wp\/v2\/comments?post=459"}],"wp:attachment":[{"href":"https:\/\/pdedu.pl\/index.php\/wp-json\/wp\/v2\/media?parent=459"}],"wp:term":[{"taxonomy":"product_brand","embeddable":true,"href":"https:\/\/pdedu.pl\/index.php\/wp-json\/wp\/v2\/product_brand?post=459"},{"taxonomy":"product_cat","embeddable":true,"href":"https:\/\/pdedu.pl\/index.php\/wp-json\/wp\/v2\/product_cat?post=459"},{"taxonomy":"product_tag","embeddable":true,"href":"https:\/\/pdedu.pl\/index.php\/wp-json\/wp\/v2\/product_tag?post=459"}],"curies":[{"name":"wp","href":"https:\/\/api.w.org\/{rel}","templated":true}]}}