{"id":785,"date":"2025-01-02T18:01:22","date_gmt":"2025-01-02T18:01:22","guid":{"rendered":"https:\/\/pdedu.pl\/?post_type=product&#038;p=785"},"modified":"2025-01-02T18:15:46","modified_gmt":"2025-01-02T18:15:46","slug":"pomoc-terapeutyczna-tus-sytuacje-spoleczne","status":"publish","type":"product","link":"https:\/\/pdedu.pl\/index.php\/produkt\/pomoc-terapeutyczna-tus-sytuacje-spoleczne\/","title":{"rendered":"Pomoc terapeutyczna\/TUS Sytuacje spo\u0142eczne"},"content":{"rendered":"<p>Celem tej zabawy zawartej w materia\u0142ach jest:<\/p>\n<p>Rozwijanie umiej\u0119tno\u015bci rozpoznawania emocji.<br \/>\n\u0106wiczenie wyra\u017cania uczu\u0107 i empatii wobec<br \/>\ninnych.<br \/>\nNauka radzenia sobie w r\u00f3\u017cnych sytuacjach<br \/>\nspo\u0142ecznych.<\/p>\n","protected":false},"excerpt":{"rendered":"<p>Celem tej zabawy zawartej w materia\u0142ach jest: Rozwijanie umiej\u0119tno\u015bci rozpoznawania emocji. \u0106wiczenie wyra\u017cania uczu\u0107 i empatii wobec innych. Nauka radzenia sobie w r\u00f3\u017cnych sytuacjach spo\u0142ecznych.<\/p>\n","protected":false},"featured_media":786,"comment_status":"open","ping_status":"closed","template":"","meta":{"ngg_post_thumbnail":0},"product_brand":[],"product_cat":[16],"product_tag":[26,27,28,25,29],"class_list":{"0":"post-785","1":"product","2":"type-product","3":"status-publish","4":"has-post-thumbnail","6":"product_cat-bez-kategorii","7":"product_tag-emocje","8":"product_tag-terapia","9":"product_tag-trening-umiejetnosci-spolecznych","10":"product_tag-tus-pomoce-terapeutyczne","11":"product_tag-zajecia-dla-dzieci","13":"first","14":"instock","15":"downloadable","16":"virtual","17":"purchasable","18":"product-type-simple","19":"czr-hentry"},"_links":{"self":[{"href":"https:\/\/pdedu.pl\/index.php\/wp-json\/wp\/v2\/product\/785","targetHints":{"allow":["GET"]}}],"collection":[{"href":"https:\/\/pdedu.pl\/index.php\/wp-json\/wp\/v2\/product"}],"about":[{"href":"https:\/\/pdedu.pl\/index.php\/wp-json\/wp\/v2\/types\/product"}],"replies":[{"embeddable":true,"href":"https:\/\/pdedu.pl\/index.php\/wp-json\/wp\/v2\/comments?post=785"}],"wp:featuredmedia":[{"embeddable":true,"href":"https:\/\/pdedu.pl\/index.php\/wp-json\/wp\/v2\/media\/786"}],"wp:attachment":[{"href":"https:\/\/pdedu.pl\/index.php\/wp-json\/wp\/v2\/media?parent=785"}],"wp:term":[{"taxonomy":"product_brand","embeddable":true,"href":"https:\/\/pdedu.pl\/index.php\/wp-json\/wp\/v2\/product_brand?post=785"},{"taxonomy":"product_cat","embeddable":true,"href":"https:\/\/pdedu.pl\/index.php\/wp-json\/wp\/v2\/product_cat?post=785"},{"taxonomy":"product_tag","embeddable":true,"href":"https:\/\/pdedu.pl\/index.php\/wp-json\/wp\/v2\/product_tag?post=785"}],"curies":[{"name":"wp","href":"https:\/\/api.w.org\/{rel}","templated":true}]}}